{"id":765,"date":"2017-03-09T16:31:19","date_gmt":"2017-03-09T16:31:19","guid":{"rendered":"https:\/\/gostodetinta.com.br\/home\/?page_id=765"},"modified":"2023-11-03T14:27:21","modified_gmt":"2023-11-03T17:27:21","slug":"criacao-de-sites-com-gosto-de-tinta","status":"publish","type":"page","link":"https:\/\/www.gostodetinta.com.br\/home\/criacao-de-sites-com-gosto-de-tinta\/","title":{"rendered":"Cria\u00e7\u00e3o de sites com Gosto de Tinta"},"content":{"rendered":"<section class=\"wpb-content-wrapper\">[vc_row][vc_column][mk_padding_divider size=&#8221;50&#8243;][vc_custom_heading text=&#8221;Cria\u00e7\u00e3o de sites&#8221; font_container=&#8221;tag:h2|font_size:50|text_align:center|line_height:1&#8243; google_fonts=&#8221;font_family:Montserrat%3Aregular%2C700|font_style:700%20bold%20regular%3A700%3Anormal&#8221;][vc_column_text disable_pattern=&#8221;false&#8221; align=&#8221;center&#8221; animation=&#8221;fade-in&#8221; css=&#8221;.vc_custom_1675994417707{margin-bottom: 0px !important;}&#8221;]\n<p style=\"text-align: center;\">Voc\u00ea vai amar o seu!<\/p>\n[\/vc_column_text][mk_image src=&#8221;https:\/\/www.gostodetinta.com.br\/home\/wp-content\/uploads\/2018\/07\/site-com-hospedagem-e-cartao.png&#8221; image_width=&#8221;900&#8243; image_height=&#8221;458&#8243; align=&#8221;center&#8221;][\/vc_column][\/vc_row][vc_row][vc_column][vc_row_inner][vc_column_inner width=&#8221;1\/3&#8243;][vc_column_text css=&#8221;.vc_custom_1673286629036{margin-bottom: 0px !important;}&#8221;]\n<h3 style=\"text-align: center;\">Layout amig\u00e1vel e responsivo<\/h3>\n<p style=\"text-align: center;\">Somos designers experientes e criamos sites para todos os tipos de neg\u00f3cios<\/p>\n[\/vc_column_text][\/vc_column_inner][vc_column_inner width=&#8221;1\/3&#8243;][vc_column_text css=&#8221;.vc_custom_1673286633791{margin-bottom: 0px !important;}&#8221;]\n<h3 style=\"text-align: center;\">Conte\u00fado Personalizado<\/h3>\n<p style=\"text-align: center;\">Seu site incr\u00edvel com todas as suas informa\u00e7\u00f5es em texto e com lindas imagens.<\/p>\n[\/vc_column_text][\/vc_column_inner][vc_column_inner width=&#8221;1\/3&#8243;][vc_column_text css=&#8221;.vc_custom_1673286638388{margin-bottom: 0px !important;}&#8221;]\n<h3 style=\"text-align: center;\">Design Original<\/h3>\n<p style=\"text-align: center;\">Cada projeto \u00e9 \u00fanico e o seu site \u00e9 constru\u00eddo conforme seu gosto pessoal.<\/p>\n[\/vc_column_text][\/vc_column_inner][\/vc_row_inner][\/vc_column][\/vc_row][vc_row][vc_column][mk_padding_divider][vc_separator border_width=&#8221;2&#8243; el_width=&#8221;10&#8243;][mk_padding_divider][\/vc_column][\/vc_row][vc_row][vc_column][vc_row_inner][vc_column_inner width=&#8221;1\/2&#8243;][mk_fancy_title color=&#8221;#dddddd&#8221; size=&#8221;40&#8243; font_weight=&#8221;bolder&#8221; letter_spacing=&#8221;-1&#8243; margin_bottom=&#8221;0&#8243; font_family=&#8221;Montserrat&#8221; font_type=&#8221;google&#8221;]Recursos incr\u00edveis[\/mk_fancy_title][\/vc_column_inner][vc_column_inner width=&#8221;1\/2&#8243;][\/vc_column_inner][\/vc_row_inner][mk_padding_divider size=&#8221;25&#8243;][vc_row_inner][vc_column_inner width=&#8221;1\/3&#8243;][vc_column_text css=&#8221;.vc_custom_1652031978683{margin-bottom: 0px !important;}&#8221;]\n<h3>Sistema responsivo<\/h3>\n<p>Seu site visivel em todos os dispositivos. Seja um computador, um notebook, tablet ou celular. Garantimos uma experi\u00eancia incr\u00edvel.[\/vc_column_text][\/vc_column_inner][vc_column_inner width=&#8221;1\/3&#8243;][vc_column_text css=&#8221;.vc_custom_1652031868740{margin-bottom: 0px !important;}&#8221;]\n<h3>Banners rotativos<\/h3>\n<p>Um carrossel para chamar de seu. Imagens rotativas de alto poder de convers\u00e3o tornam seu site ainda melhor.[\/vc_column_text][\/vc_column_inner][vc_column_inner width=&#8221;1\/3&#8243;][vc_column_text css=&#8221;.vc_custom_1652031757568{margin-bottom: 0px !important;}&#8221;]\n<h3>\u00cdcones poderosos<\/h3>\n<p>Uma gama incr\u00edvel de \u00edcones que deixar\u00e3o seu site ainda mais lindo.[\/vc_column_text][\/vc_column_inner][\/vc_row_inner][vc_row_inner][vc_column_inner width=&#8221;1\/3&#8243;][vc_column_text css=&#8221;.vc_custom_1652031722819{margin-bottom: 0px !important;}&#8221;]\n<h3>Blog e galeria de imagens<\/h3>\n<p>Publique imagens do seu neg\u00f3cio e estabele\u00e7a uma conex\u00e3o com postagens no blog. Uma ferramenta incr\u00edvel para gerar acessos no site.[\/vc_column_text][\/vc_column_inner][vc_column_inner width=&#8221;1\/3&#8243;][vc_column_text css=&#8221;.vc_custom_1652031671987{margin-bottom: 0px !important;}&#8221;]\n<h3>Chat online e whatsapp<\/h3>\n<p>Ofere\u00e7a uma conversa\u00e7\u00e3o online com seus clientes.[\/vc_column_text][\/vc_column_inner][vc_column_inner width=&#8221;1\/3&#8243;][vc_column_text css=&#8221;.vc_custom_1652033843544{margin-bottom: 0px !important;}&#8221;]\n<h3>SEO integrado<\/h3>\n<p>Fazemos a otimiza\u00e7\u00e3o do seu site para motores de busca como google, bling e yahoo.[\/vc_column_text][\/vc_column_inner][\/vc_row_inner][vc_row_inner][vc_column_inner width=&#8221;1\/3&#8243;][vc_column_text css=&#8221;.vc_custom_1652034437897{margin-bottom: 0px !important;}&#8221;]\n<h3>Google mapa<\/h3>\n<p>Sua localidade direta do mapa do google. Facilidade e agilidade para clientes.[\/vc_column_text][\/vc_column_inner][vc_column_inner width=&#8221;1\/3&#8243;][vc_column_text css=&#8221;.vc_custom_1652034494937{margin-bottom: 0px !important;}&#8221;]\n<h3>Formul\u00e1rio de contato<\/h3>\n<p>Um site precisa de um formul\u00e1rio. N\u00f3s diponibilizamos um conforme sua necessida.<\/p>\n[\/vc_column_text][\/vc_column_inner][vc_column_inner width=&#8221;1\/3&#8243;][vc_column_text css=&#8221;.vc_custom_1652034533563{margin-bottom: 0px !important;}&#8221;]\n<h3>Newsletter<\/h3>\n<p>Colete informa\u00e7\u00f5es, ofere\u00e7a b\u00f4nus por inscri\u00e7\u00e3o e tenha um banco de clientes otimizado.[\/vc_column_text][\/vc_column_inner][\/vc_row_inner][mk_padding_divider size=&#8221;25&#8243;][\/vc_column][\/vc_row][vc_row][vc_column][vc_single_image image=&#8221;7512&#8243; img_size=&#8221;full&#8221; alignment=&#8221;center&#8221;][mk_padding_divider size=&#8221;10&#8243;][vc_row_inner][vc_column_inner][mk_fancy_title color=&#8221;#dddddd&#8221; size=&#8221;40&#8243; line_height=&#8221;80&#8243; font_weight=&#8221;bolder&#8221; letter_spacing=&#8221;-1&#8243; margin_bottom=&#8221;0&#8243; font_family=&#8221;Montserrat&#8221; font_type=&#8221;google&#8221;]Outros recursos oferecidos:[\/mk_fancy_title][vc_column_text css=&#8221;.vc_custom_1652032491190{margin-bottom: 0px !important;}&#8221;]Oferecemos um servi\u00e7o profissional e com todos os recursos web necess\u00e1rios para criar e administrar seu site.[\/vc_column_text][\/vc_column_inner][\/vc_row_inner][mk_padding_divider size=&#8221;25&#8243;][vc_row_inner][vc_column_inner width=&#8221;1\/3&#8243;][vc_column_text css=&#8221;.vc_custom_1652032532110{margin-bottom: 0px !important;}&#8221;]\n<h3>Dom\u00ednio Personalizado<\/h3>\n<p>Deixe seu site mais profissional com um nome de dom\u00ednio \u00fanico, ou conecte um dom\u00ednio que voc\u00ea j\u00e1 tem.[\/vc_column_text][\/vc_column_inner][vc_column_inner width=&#8221;1\/3&#8243;][vc_column_text css=&#8221;.vc_custom_1652032362956{margin-bottom: 0px !important;}&#8221;]\n<h3>Conta de E-mail Profissional<\/h3>\n<p>Receba um endere\u00e7o de email personalizado com o nome do seu dom\u00ednio e marca.[\/vc_column_text][\/vc_column_inner][vc_column_inner width=&#8221;1\/3&#8243;][vc_column_text css=&#8221;.vc_custom_1652032379429{margin-bottom: 0px !important;}&#8221;]\n<h3>Hospedagem Gr\u00e1tis<\/h3>\n<p>N\u00f3s cuidamos da hospedagem do seu site de forma segura.[\/vc_column_text][\/vc_column_inner][\/vc_row_inner][vc_row_inner][vc_column_inner width=&#8221;1\/3&#8243;][vc_column_text css=&#8221;.vc_custom_1652032397228{margin-bottom: 0px !important;}&#8221;]\n<h3>An\u00e1lise de Estat\u00edsticas<\/h3>\n<p>Consulte a performance do seu site acompanhando as an\u00e1lises e estat\u00edsticas.[\/vc_column_text][\/vc_column_inner][vc_column_inner width=&#8221;1\/3&#8243;][vc_column_text css=&#8221;.vc_custom_1652032423537{margin-bottom: 0px !important;}&#8221;]\n<h3>Ferramentas de Redes Sociais<\/h3>\n<p>Conecte suas contas das redes sociais com \u00edcones personalizados.[\/vc_column_text][\/vc_column_inner][vc_column_inner width=&#8221;1\/3&#8243;][vc_column_text css=&#8221;.vc_custom_1652032440095{margin-bottom: 0px !important;}&#8221;]\n<h3>Certificado SSL<\/h3>\n<p>Proteja seu site e impulsione seu SEO com um certificado SSL no seu site.[\/vc_column_text][\/vc_column_inner][\/vc_row_inner][\/vc_column][\/vc_row][vc_row][vc_column][mk_padding_divider size=&#8221;45&#8243;][vc_row_inner][vc_column_inner width=&#8221;1\/4&#8243;][\/vc_column_inner][vc_column_inner width=&#8221;1\/2&#8243;][vc_btn title=&#8221;QUERO TER MEU SITE&#8221; style=&#8221;flat&#8221; shape=&#8221;round&#8221; color=&#8221;pink&#8221; align=&#8221;center&#8221; button_block=&#8221;true&#8221; link=&#8221;url:https%3A%2F%2Fgostodetinta.com.br%2Fhome%2Fproduto%2Fsite-institucional%2F|||&#8221;][\/vc_column_inner][vc_column_inner width=&#8221;1\/4&#8243;][\/vc_column_inner][\/vc_row_inner][mk_padding_divider size=&#8221;45&#8243;][\/vc_column][\/vc_row][vc_row][vc_column][mk_fancy_title color=&#8221;#dddddd&#8221; size=&#8221;40&#8243; font_weight=&#8221;bolder&#8221; letter_spacing=&#8221;-1&#8243; margin_bottom=&#8221;0&#8243; font_family=&#8221;Montserrat&#8221; font_type=&#8221;google&#8221; align=&#8221;center&#8221;]Alguns projetos[\/mk_fancy_title][mk_gallery images=&#8221;7189,7180,3869,3604,1898,1895,2745,4317,2818,3404,3523,5385,7183,5708,7178,7179,5703,5710,7190,6820,7306&#8243; column=&#8221;4&#8243; height=&#8221;245&#8243; item_spacing=&#8221;3&#8243;][mk_padding_divider size=&#8221;60&#8243;][\/vc_column][\/vc_row][vc_row][vc_column][mk_fancy_title color=&#8221;#e8e8e8&#8243; size=&#8221;45&#8243; font_weight=&#8221;bolder&#8221; letter_spacing=&#8221;-1&#8243; margin_bottom=&#8221;0&#8243; font_family=&#8221;Montserrat&#8221; font_type=&#8221;google&#8221; align=&#8221;center&#8221;]E ai? Vamos come\u00e7ar o seu site?[\/mk_fancy_title][vc_btn title=&#8221;CLIQUE AQUI&#8221; style=&#8221;flat&#8221; shape=&#8221;round&#8221; color=&#8221;warning&#8221; align=&#8221;center&#8221; link=&#8221;url:https%3A%2F%2Fgostodetinta.com.br%2Fhome%2Fproduto%2Fsite-institucional%2F|||&#8221;][mk_padding_divider size=&#8221;60&#8243;][\/vc_column][\/vc_row]\n<\/section>","protected":false},"excerpt":{"rendered":"<p>[vc_row][vc_column][mk_padding_divider size=&#8221;50&#8243;][vc_custom_heading text=&#8221;Cria\u00e7\u00e3o de sites&#8221; font_container=&#8221;tag:h2|font_size:50|text_align:center|line_height:1&#8243; google_fonts=&#8221;font_family:Montserrat%3Aregular%2C700|font_style:700%20bold%20regular%3A700%3Anormal&#8221;][vc_column_text disable_pattern=&#8221;false&#8221; align=&#8221;center&#8221; animation=&#8221;fade-in&#8221; css=&#8221;.vc_custom_1675994417707{margin-bottom: 0px !important;}&#8221;] Voc\u00ea vai amar o seu! [\/vc_column_text][mk_image src=&#8221;https:\/\/www.gostodetinta.com.br\/home\/wp-content\/uploads\/2018\/07\/site-com-hospedagem-e-cartao.png&#8221; image_width=&#8221;900&#8243; image_height=&#8221;458&#8243; align=&#8221;center&#8221;][\/vc_column][\/vc_row][vc_row][vc_column][vc_row_inner][vc_column_inner width=&#8221;1\/3&#8243;][vc_column_text css=&#8221;.vc_custom_1673286629036{margin-bottom: 0px !important;}&#8221;] Layout amig\u00e1vel e responsivo Somos designers experientes e criamos sites para todos os tipos de neg\u00f3cios [\/vc_column_text][\/vc_column_inner][vc_column_inner width=&#8221;1\/3&#8243;][vc_column_text css=&#8221;.vc_custom_1673286633791{margin-bottom: 0px !important;}&#8221;] Conte\u00fado Personalizado Seu site incr\u00edvel com todas [&hellip;]<\/p>\n","protected":false},"author":1,"featured_media":0,"parent":0,"menu_order":0,"comment_status":"closed","ping_status":"closed","template":"","meta":{"footnotes":""},"class_list":["post-765","page","type-page","status-publish","hentry"],"aioseo_notices":[],"_links":{"self":[{"href":"https:\/\/www.gostodetinta.com.br\/home\/wp-json\/wp\/v2\/pages\/765","targetHints":{"allow":["GET"]}}],"collection":[{"href":"https:\/\/www.gostodetinta.com.br\/home\/wp-json\/wp\/v2\/pages"}],"about":[{"href":"https:\/\/www.gostodetinta.com.br\/home\/wp-json\/wp\/v2\/types\/page"}],"author":[{"embeddable":true,"href":"https:\/\/www.gostodetinta.com.br\/home\/wp-json\/wp\/v2\/users\/1"}],"replies":[{"embeddable":true,"href":"https:\/\/www.gostodetinta.com.br\/home\/wp-json\/wp\/v2\/comments?post=765"}],"version-history":[{"count":0,"href":"https:\/\/www.gostodetinta.com.br\/home\/wp-json\/wp\/v2\/pages\/765\/revisions"}],"wp:attachment":[{"href":"https:\/\/www.gostodetinta.com.br\/home\/wp-json\/wp\/v2\/media?parent=765"}],"curies":[{"name":"wp","href":"https:\/\/api.w.org\/{rel}","templated":true}]}}